{"id":51,"date":"2023-11-27T08:34:24","date_gmt":"2023-11-27T08:34:24","guid":{"rendered":"https:\/\/www.hebaiele.com\/?page_id=51"},"modified":"2026-01-26T08:34:52","modified_gmt":"2026-01-26T08:34:52","slug":"designing-engineering","status":"publish","type":"page","link":"https:\/\/www.hebaiele.com\/fr\/designing-engineering\/","title":{"rendered":"Conception et ing\u00e9nierie"},"content":{"rendered":"<div data-elementor-type=\"wp-page\" data-elementor-id=\"51\" class=\"elementor elementor-51\" data-elementor-post-type=\"page\">\n\t\t\t\t\t\t<section class=\"elementor-section elementor-top-section elementor-element elementor-element-7773fa8 elementor-section-boxed elementor-section-height-default elementor-section-height-default\" data-id=\"7773fa8\" data-element_type=\"section\">\n\t\t\t\t\t\t<div class=\"elementor-container elementor-column-gap-default\">\n\t\t\t\t\t<div class=\"elementor-column elementor-col-50 elementor-top-column elementor-element elementor-element-c48ad75\" data-id=\"c48ad75\" data-element_type=\"column\">\n\t\t\t<div class=\"elementor-widget-wrap elementor-element-populated\">\n\t\t\t\t\t\t<div class=\"elementor-element elementor-element-ca00cee elementor-widget elementor-widget-heading\" data-id=\"ca00cee\" data-element_type=\"widget\" data-widget_type=\"heading.default\">\n\t\t\t\t<div class=\"elementor-widget-container\">\n\t\t\t<style>\/*! elementor - v3.20.0 - 20-03-2024 *\/\n.elementor-heading-title{padding:0;margin:0;line-height:1}.elementor-widget-heading .elementor-heading-title[class*=elementor-size-]>a{color:inherit;font-size:inherit;line-height:inherit}.elementor-widget-heading .elementor-heading-title.elementor-size-small{font-size:15px}.elementor-widget-heading .elementor-heading-title.elementor-size-medium{font-size:19px}.elementor-widget-heading .elementor-heading-title.elementor-size-large{font-size:29px}.elementor-widget-heading .elementor-heading-title.elementor-size-xl{font-size:39px}.elementor-widget-heading .elementor-heading-title.elementor-size-xxl{font-size:59px}<\/style><h2 class=\"elementor-heading-title elementor-size-default\">Pour une automatisation abordable, r\u00e9alisable et optimis\u00e9e<\/h2>\t\t<\/div>\n\t\t\t\t<\/div>\n\t\t\t\t<div class=\"elementor-element elementor-element-85a3d46 elementor-widget elementor-widget-text-editor\" data-id=\"85a3d46\" data-element_type=\"widget\" data-widget_type=\"text-editor.default\">\n\t\t\t\t<div class=\"elementor-widget-container\">\n\t\t\t<style>\/*! elementor - v3.20.0 - 20-03-2024 *\/\n.elementor-widget-text-editor.elementor-drop-cap-view-stacked .elementor-drop-cap{background-color:#69727d;color:#fff}.elementor-widget-text-editor.elementor-drop-cap-view-framed .elementor-drop-cap{color:#69727d;border:3px solid;background-color:transparent}.elementor-widget-text-editor:not(.elementor-drop-cap-view-default) .elementor-drop-cap{margin-top:8px}.elementor-widget-text-editor:not(.elementor-drop-cap-view-default) .elementor-drop-cap-letter{width:1em;height:1em}.elementor-widget-text-editor .elementor-drop-cap{float:left;text-align:center;line-height:1;font-size:50px}.elementor-widget-text-editor .elementor-drop-cap-letter{display:inline-block}<\/style>\t\t\t\t<p>Rien ne vaut HEBAI pour fournir au march\u00e9 mondial des produits d'automatisation industrielle fabriqu\u00e9s avec excellence et d\u00e9vouement. Soutenues par un personnel exp\u00e9riment\u00e9 poss\u00e9dant une expertise en mati\u00e8re de conception de circuits et une volont\u00e9 perp\u00e9tuelle d'am\u00e9lioration, nos solides capacit\u00e9s de conception et d'ing\u00e9nierie garantissent des produits fiables et de qualit\u00e9 sup\u00e9rieure qui offrent des performances constantes.<\/p>\t\t\t\t\t\t<\/div>\n\t\t\t\t<\/div>\n\t\t\t\t\t<\/div>\n\t\t<\/div>\n\t\t\t\t<div class=\"elementor-column elementor-col-50 elementor-top-column elementor-element elementor-element-e81ec21\" data-id=\"e81ec21\" data-element_type=\"column\">\n\t\t\t<div class=\"elementor-widget-wrap elementor-element-populated\">\n\t\t\t\t\t\t<div class=\"elementor-element elementor-element-41ee1ad elementor-widget elementor-widget-image\" data-id=\"41ee1ad\" data-element_type=\"widget\" data-widget_type=\"image.default\">\n\t\t\t\t<div class=\"elementor-widget-container\">\n\t\t\t<style>\/*! elementor - v3.20.0 - 20-03-2024 *\/\n.elementor-widget-image{text-align:center}.elementor-widget-image a{display:inline-block}.elementor-widget-image a img[src$=\".svg\"]{width:48px}.elementor-widget-image img{vertical-align:middle;display:inline-block}<\/style>\t\t\t\t\t\t\t\t\t\t<img fetchpriority=\"high\" decoding=\"async\" width=\"1200\" height=\"800\" src=\"https:\/\/www.hebaiele.com\/wp-content\/uploads\/2024\/02\/P01-S03-Pneumatic.webp\" class=\"attachment-full size-full wp-image-2881\" alt=\"P01 S03 Pneumatique\" srcset=\"https:\/\/www.hebaiele.com\/wp-content\/uploads\/2024\/02\/P01-S03-Pneumatic.webp 1200w, https:\/\/www.hebaiele.com\/wp-content\/uploads\/2024\/02\/P01-S03-Pneumatic-300x200.webp 300w, https:\/\/www.hebaiele.com\/wp-content\/uploads\/2024\/02\/P01-S03-Pneumatic-1024x683.webp 1024w, https:\/\/www.hebaiele.com\/wp-content\/uploads\/2024\/02\/P01-S03-Pneumatic-768x512.webp 768w\" sizes=\"(max-width: 1200px) 100vw, 1200px\" \/>\t\t\t\t\t\t\t\t\t\t\t\t\t<\/div>\n\t\t\t\t<\/div>\n\t\t\t\t\t<\/div>\n\t\t<\/div>\n\t\t\t\t\t<\/div>\n\t\t<\/section>\n\t\t\t\t<section class=\"elementor-section elementor-top-section elementor-element elementor-element-d279aac elementor-section-boxed elementor-section-height-default elementor-section-height-default\" data-id=\"d279aac\" data-element_type=\"section\">\n\t\t\t\t\t\t<div class=\"elementor-container elementor-column-gap-default\">\n\t\t\t\t\t<div class=\"elementor-column elementor-col-33 elementor-top-column elementor-element elementor-element-08a894d\" data-id=\"08a894d\" data-element_type=\"column\" data-settings=\"{&quot;background_background&quot;:&quot;classic&quot;}\">\n\t\t\t<div class=\"elementor-widget-wrap elementor-element-populated\">\n\t\t\t\t\t\t<div class=\"elementor-element elementor-element-421bcf6 elementor-view-stacked elementor-position-left elementor-mobile-position-left elementor-shape-circle elementor-vertical-align-top elementor-widget elementor-widget-icon-box\" data-id=\"421bcf6\" data-element_type=\"widget\" data-widget_type=\"icon-box.default\">\n\t\t\t\t<div class=\"elementor-widget-container\">\n\t\t\t<link rel=\"stylesheet\" href=\"https:\/\/www.hebaiele.com\/wp-content\/plugins\/elementor\/assets\/css\/widget-icon-box.min.css\">\t\t<div class=\"elementor-icon-box-wrapper\">\n\t\t\t\t\t\t<div class=\"elementor-icon-box-icon\">\n\t\t\t\t<span  class=\"elementor-icon elementor-animation-\">\n\t\t\t\t<svg aria-hidden=\"true\" class=\"e-font-icon-svg e-fas-check\" viewbox=\"0 0 512 512\" xmlns=\"http:\/\/www.w3.org\/2000\/svg\"><path d=\"M173.898 439.404l-166.4-166.4c-9.997-9.997-9.997-26.206 0-36.204l36.203-36.204c9.997-9.998 26.207-9.998 36.204 0L192 312.69 432.095 72.596c9.997-9.997 26.207-9.997 36.204 0l36.203 36.204c9.997 9.997 9.997 26.206 0 36.204l-294.4 294.401c-9.998 9.997-26.207 9.997-36.204-.001z\"><\/path><\/svg>\t\t\t\t<\/span>\n\t\t\t<\/div>\n\t\t\t\t\t\t<div class=\"elementor-icon-box-content\">\n\t\t\t\t<h4 class=\"elementor-icon-box-title\">\n\t\t\t\t\t<span  >\n\t\t\t\t\t\tAbordable\t\t\t\t\t<\/span>\n\t\t\t\t<\/h4>\n\t\t\t\t\t\t\t\t\t<p class=\"elementor-icon-box-description\">\n\t\t\t\t\t\tNous proposons des pi\u00e8ces de rechange pour les produits d'automatisation industrielle et des alternatives rentables aux produits de diverses marques internationales.\t\t\t\t\t<\/p>\n\t\t\t\t\t\t\t<\/div>\n\t\t<\/div>\n\t\t\t\t<\/div>\n\t\t\t\t<\/div>\n\t\t\t\t\t<\/div>\n\t\t<\/div>\n\t\t\t\t<div class=\"elementor-column elementor-col-33 elementor-top-column elementor-element elementor-element-d484040\" data-id=\"d484040\" data-element_type=\"column\" data-settings=\"{&quot;background_background&quot;:&quot;classic&quot;}\">\n\t\t\t<div class=\"elementor-widget-wrap elementor-element-populated\">\n\t\t\t\t\t\t<div class=\"elementor-element elementor-element-66d9fe9 elementor-view-stacked elementor-position-left elementor-mobile-position-left elementor-shape-circle elementor-vertical-align-top elementor-widget elementor-widget-icon-box\" data-id=\"66d9fe9\" data-element_type=\"widget\" data-widget_type=\"icon-box.default\">\n\t\t\t\t<div class=\"elementor-widget-container\">\n\t\t\t\t\t<div class=\"elementor-icon-box-wrapper\">\n\t\t\t\t\t\t<div class=\"elementor-icon-box-icon\">\n\t\t\t\t<span  class=\"elementor-icon elementor-animation-\">\n\t\t\t\t<svg aria-hidden=\"true\" class=\"e-font-icon-svg e-fas-check\" viewbox=\"0 0 512 512\" xmlns=\"http:\/\/www.w3.org\/2000\/svg\"><path d=\"M173.898 439.404l-166.4-166.4c-9.997-9.997-9.997-26.206 0-36.204l36.203-36.204c9.997-9.998 26.207-9.998 36.204 0L192 312.69 432.095 72.596c9.997-9.997 26.207-9.997 36.204 0l36.203 36.204c9.997 9.997 9.997 26.206 0 36.204l-294.4 294.401c-9.998 9.997-26.207 9.997-36.204-.001z\"><\/path><\/svg>\t\t\t\t<\/span>\n\t\t\t<\/div>\n\t\t\t\t\t\t<div class=\"elementor-icon-box-content\">\n\t\t\t\t<h4 class=\"elementor-icon-box-title\">\n\t\t\t\t\t<span  >\n\t\t\t\t\t\tR\u00e9alisable\t\t\t\t\t<\/span>\n\t\t\t\t<\/h4>\n\t\t\t\t\t\t\t\t\t<p class=\"elementor-icon-box-description\">\n\t\t\t\t\t\tSi vous ne trouvez pas de produit de remplacement appropri\u00e9, ne vous inqui\u00e9tez pas, nous pouvons vous aider \u00e0 personnaliser vos produits \u00e0 un prix raisonnable.\t\t\t\t\t<\/p>\n\t\t\t\t\t\t\t<\/div>\n\t\t<\/div>\n\t\t\t\t<\/div>\n\t\t\t\t<\/div>\n\t\t\t\t\t<\/div>\n\t\t<\/div>\n\t\t\t\t<div class=\"elementor-column elementor-col-33 elementor-top-column elementor-element elementor-element-e353cb6\" data-id=\"e353cb6\" data-element_type=\"column\" data-settings=\"{&quot;background_background&quot;:&quot;classic&quot;}\">\n\t\t\t<div class=\"elementor-widget-wrap elementor-element-populated\">\n\t\t\t\t\t\t<div class=\"elementor-element elementor-element-abdf83d elementor-view-stacked elementor-position-left elementor-mobile-position-left elementor-shape-circle elementor-vertical-align-top elementor-widget elementor-widget-icon-box\" data-id=\"abdf83d\" data-element_type=\"widget\" data-widget_type=\"icon-box.default\">\n\t\t\t\t<div class=\"elementor-widget-container\">\n\t\t\t\t\t<div class=\"elementor-icon-box-wrapper\">\n\t\t\t\t\t\t<div class=\"elementor-icon-box-icon\">\n\t\t\t\t<span  class=\"elementor-icon elementor-animation-\">\n\t\t\t\t<svg aria-hidden=\"true\" class=\"e-font-icon-svg e-fas-check\" viewbox=\"0 0 512 512\" xmlns=\"http:\/\/www.w3.org\/2000\/svg\"><path d=\"M173.898 439.404l-166.4-166.4c-9.997-9.997-9.997-26.206 0-36.204l36.203-36.204c9.997-9.998 26.207-9.998 36.204 0L192 312.69 432.095 72.596c9.997-9.997 26.207-9.997 36.204 0l36.203 36.204c9.997 9.997 9.997 26.206 0 36.204l-294.4 294.401c-9.998 9.997-26.207 9.997-36.204-.001z\"><\/path><\/svg>\t\t\t\t<\/span>\n\t\t\t<\/div>\n\t\t\t\t\t\t<div class=\"elementor-icon-box-content\">\n\t\t\t\t<h4 class=\"elementor-icon-box-title\">\n\t\t\t\t\t<span  >\n\t\t\t\t\t\tOptimis\u00e9\t\t\t\t\t<\/span>\n\t\t\t\t<\/h4>\n\t\t\t\t\t\t\t\t\t<p class=\"elementor-icon-box-description\">\n\t\t\t\t\t\tNous menons en permanence des activit\u00e9s de recherche et de d\u00e9veloppement afin d'am\u00e9liorer nos produits d'automatisation industrielle et de r\u00e9pondre \u00e0 l'\u00e9volution des demandes du march\u00e9.\t\t\t\t\t<\/p>\n\t\t\t\t\t\t\t<\/div>\n\t\t<\/div>\n\t\t\t\t<\/div>\n\t\t\t\t<\/div>\n\t\t\t\t\t<\/div>\n\t\t<\/div>\n\t\t\t\t\t<\/div>\n\t\t<\/section>\n\t\t\t\t<section class=\"elementor-section elementor-top-section elementor-element elementor-element-38ec0f6 elementor-section-boxed elementor-section-height-default elementor-section-height-default\" data-id=\"38ec0f6\" data-element_type=\"section\">\n\t\t\t\t\t\t<div class=\"elementor-container elementor-column-gap-default\">\n\t\t\t\t\t<div class=\"elementor-column elementor-col-100 elementor-top-column elementor-element elementor-element-bee2873\" data-id=\"bee2873\" data-element_type=\"column\">\n\t\t\t<div class=\"elementor-widget-wrap elementor-element-populated\">\n\t\t\t\t\t\t<section class=\"elementor-section elementor-inner-section elementor-element elementor-element-e7d4140 elementor-section-full_width elementor-section-height-default elementor-section-height-default\" data-id=\"e7d4140\" data-element_type=\"section\">\n\t\t\t\t\t\t<div class=\"elementor-container elementor-column-gap-default\">\n\t\t\t\t\t<div class=\"elementor-column elementor-col-50 elementor-inner-column elementor-element elementor-element-84c0be1\" data-id=\"84c0be1\" data-element_type=\"column\">\n\t\t\t<div class=\"elementor-widget-wrap elementor-element-populated\">\n\t\t\t\t\t\t<div class=\"elementor-element elementor-element-6c5b646 elementor-widget elementor-widget-image\" data-id=\"6c5b646\" data-element_type=\"widget\" data-widget_type=\"image.default\">\n\t\t\t\t<div class=\"elementor-widget-container\">\n\t\t\t\t\t\t\t\t\t\t\t\t\t<img decoding=\"async\" width=\"1024\" height=\"768\" src=\"https:\/\/www.hebaiele.com\/wp-content\/uploads\/2026\/01\/istockphoto-154951973-612x612-1.webp\" class=\"attachment-large size-large wp-image-10846\" alt=\"usine hebai&#039;s\" srcset=\"https:\/\/www.hebaiele.com\/wp-content\/uploads\/2026\/01\/istockphoto-154951973-612x612-1.webp 1024w, https:\/\/www.hebaiele.com\/wp-content\/uploads\/2026\/01\/istockphoto-154951973-612x612-1-300x225.webp 300w, https:\/\/www.hebaiele.com\/wp-content\/uploads\/2026\/01\/istockphoto-154951973-612x612-1-768x576.webp 768w, https:\/\/www.hebaiele.com\/wp-content\/uploads\/2026\/01\/istockphoto-154951973-612x612-1-16x12.webp 16w\" sizes=\"(max-width: 1024px) 100vw, 1024px\" \/>\t\t\t\t\t\t\t\t\t\t\t\t\t<\/div>\n\t\t\t\t<\/div>\n\t\t\t\t\t<\/div>\n\t\t<\/div>\n\t\t\t\t<div class=\"elementor-column elementor-col-50 elementor-inner-column elementor-element elementor-element-d7c1381\" data-id=\"d7c1381\" data-element_type=\"column\">\n\t\t\t<div class=\"elementor-widget-wrap elementor-element-populated\">\n\t\t\t\t\t\t<div class=\"elementor-element elementor-element-4f8ee10 elementor-widget elementor-widget-heading\" data-id=\"4f8ee10\" data-element_type=\"widget\" data-widget_type=\"heading.default\">\n\t\t\t\t<div class=\"elementor-widget-container\">\n\t\t\t<h2 class=\"elementor-heading-title elementor-size-default\">Nous perfectionnons nos comp\u00e9tences depuis 1986<\/h2>\t\t<\/div>\n\t\t\t\t<\/div>\n\t\t\t\t<div class=\"elementor-element elementor-element-230c11c elementor-widget elementor-widget-text-editor\" data-id=\"230c11c\" data-element_type=\"widget\" data-widget_type=\"text-editor.default\">\n\t\t\t\t<div class=\"elementor-widget-container\">\n\t\t\t\t\t\t\t<p>HEBAI dispose d'une \u00e9quipe de techniciens ayant plus de deux d\u00e9cennies d'expertise industrielle dans la conception de circuits. En confiant votre projet \u00e0 des experts, vous \u00eates s\u00fbr d'obtenir les meilleurs produits d'automatisation industrielle sur lesquels votre marque peut s'appuyer.<\/p>\t\t\t\t\t\t<\/div>\n\t\t\t\t<\/div>\n\t\t\t\t\t<\/div>\n\t\t<\/div>\n\t\t\t\t\t<\/div>\n\t\t<\/section>\n\t\t\t\t<section class=\"elementor-section elementor-inner-section elementor-element elementor-element-7bb323f elementor-section-full_width elementor-reverse-tablet elementor-reverse-mobile elementor-section-height-default elementor-section-height-default\" data-id=\"7bb323f\" data-element_type=\"section\">\n\t\t\t\t\t\t<div class=\"elementor-container elementor-column-gap-default\">\n\t\t\t\t\t<div class=\"elementor-column elementor-col-50 elementor-inner-column elementor-element elementor-element-0dc8c97\" data-id=\"0dc8c97\" data-element_type=\"column\">\n\t\t\t<div class=\"elementor-widget-wrap elementor-element-populated\">\n\t\t\t\t\t\t<div class=\"elementor-element elementor-element-4daa9bd elementor-widget elementor-widget-heading\" data-id=\"4daa9bd\" data-element_type=\"widget\" data-widget_type=\"heading.default\">\n\t\t\t\t<div class=\"elementor-widget-container\">\n\t\t\t<h2 class=\"elementor-heading-title elementor-size-default\">Rester \u00e0 l'\u00e9coute des tendances du march\u00e9<\/h2>\t\t<\/div>\n\t\t\t\t<\/div>\n\t\t\t\t<div class=\"elementor-element elementor-element-8f144fa elementor-widget elementor-widget-text-editor\" data-id=\"8f144fa\" data-element_type=\"widget\" data-widget_type=\"text-editor.default\">\n\t\t\t\t<div class=\"elementor-widget-container\">\n\t\t\t\t\t\t\t<p>L'am\u00e9lioration continue de la conception et de l'ing\u00e9nierie est l'un des principaux objectifs de HEBAI depuis le d\u00e9but. Ce n'est qu'en augmentant nos capacit\u00e9s de production que nous pouvons constamment fournir \u00e0 votre march\u00e9 les meilleurs produits de l'industrie.<\/p>\t\t\t\t\t\t<\/div>\n\t\t\t\t<\/div>\n\t\t\t\t\t<\/div>\n\t\t<\/div>\n\t\t\t\t<div class=\"elementor-column elementor-col-50 elementor-inner-column elementor-element elementor-element-c19fd0f\" data-id=\"c19fd0f\" data-element_type=\"column\">\n\t\t\t<div class=\"elementor-widget-wrap elementor-element-populated\">\n\t\t\t\t\t\t<div class=\"elementor-element elementor-element-8a149a9 elementor-widget elementor-widget-image\" data-id=\"8a149a9\" data-element_type=\"widget\" data-widget_type=\"image.default\">\n\t\t\t\t<div class=\"elementor-widget-container\">\n\t\t\t\t\t\t\t\t\t\t\t\t\t<img decoding=\"async\" width=\"720\" height=\"480\" src=\"https:\/\/www.hebaiele.com\/wp-content\/uploads\/2023\/12\/p041-s04-img.jpg\" class=\"attachment-large size-large wp-image-1820\" alt=\"p041 s04 img\" srcset=\"https:\/\/www.hebaiele.com\/wp-content\/uploads\/2023\/12\/p041-s04-img.jpg 720w, https:\/\/www.hebaiele.com\/wp-content\/uploads\/2023\/12\/p041-s04-img-300x200.jpg 300w\" sizes=\"(max-width: 720px) 100vw, 720px\" \/>\t\t\t\t\t\t\t\t\t\t\t\t\t<\/div>\n\t\t\t\t<\/div>\n\t\t\t\t\t<\/div>\n\t\t<\/div>\n\t\t\t\t\t<\/div>\n\t\t<\/section>\n\t\t\t\t<section class=\"elementor-section elementor-inner-section elementor-element elementor-element-37654db elementor-section-full_width elementor-section-height-default elementor-section-height-default\" data-id=\"37654db\" data-element_type=\"section\">\n\t\t\t\t\t\t<div class=\"elementor-container elementor-column-gap-default\">\n\t\t\t\t\t<div class=\"elementor-column elementor-col-50 elementor-inner-column elementor-element elementor-element-9d4e5ab\" data-id=\"9d4e5ab\" data-element_type=\"column\">\n\t\t\t<div class=\"elementor-widget-wrap elementor-element-populated\">\n\t\t\t\t\t\t<div class=\"elementor-element elementor-element-cc1e08c elementor-widget elementor-widget-image\" data-id=\"cc1e08c\" data-element_type=\"widget\" data-widget_type=\"image.default\">\n\t\t\t\t<div class=\"elementor-widget-container\">\n\t\t\t\t\t\t\t\t\t\t\t\t\t<img loading=\"lazy\" decoding=\"async\" width=\"824\" height=\"664\" src=\"https:\/\/www.hebaiele.com\/wp-content\/uploads\/2026\/01\/p061-s03-img01.jpg\" class=\"attachment-large size-large wp-image-10827\" alt=\"p061 s03 img01\" srcset=\"https:\/\/www.hebaiele.com\/wp-content\/uploads\/2026\/01\/p061-s03-img01.jpg 824w, https:\/\/www.hebaiele.com\/wp-content\/uploads\/2026\/01\/p061-s03-img01-300x242.jpg 300w, https:\/\/www.hebaiele.com\/wp-content\/uploads\/2026\/01\/p061-s03-img01-768x619.jpg 768w, https:\/\/www.hebaiele.com\/wp-content\/uploads\/2026\/01\/p061-s03-img01-15x12.jpg 15w\" sizes=\"(max-width: 824px) 100vw, 824px\" \/>\t\t\t\t\t\t\t\t\t\t\t\t\t<\/div>\n\t\t\t\t<\/div>\n\t\t\t\t\t<\/div>\n\t\t<\/div>\n\t\t\t\t<div class=\"elementor-column elementor-col-50 elementor-inner-column elementor-element elementor-element-8b0fe3b\" data-id=\"8b0fe3b\" data-element_type=\"column\">\n\t\t\t<div class=\"elementor-widget-wrap elementor-element-populated\">\n\t\t\t\t\t\t<div class=\"elementor-element elementor-element-994a13b elementor-widget elementor-widget-heading\" data-id=\"994a13b\" data-element_type=\"widget\" data-widget_type=\"heading.default\">\n\t\t\t\t<div class=\"elementor-widget-container\">\n\t\t\t<h2 class=\"elementor-heading-title elementor-size-default\">Optimiser en permanence pour atteindre la perfection<\/h2>\t\t<\/div>\n\t\t\t\t<\/div>\n\t\t\t\t<div class=\"elementor-element elementor-element-2136fa6 elementor-widget elementor-widget-text-editor\" data-id=\"2136fa6\" data-element_type=\"widget\" data-widget_type=\"text-editor.default\">\n\t\t\t\t<div class=\"elementor-widget-container\">\n\t\t\t\t\t\t\t<p>Anim\u00e9s par le d\u00e9sir d'optimiser pleinement nos produits, nous cr\u00e9ons sans cesse des solutions nouvelles et innovantes pour le plus grand plaisir de vos clients. En introduisant de nouvelles <a href=\"https:\/\/www.hebaiele.com\/fr\/proximity-sensors\/\"><span style=\"text-decoration: underline;\"><strong>capteurs de proximit\u00e9<\/strong><\/span><\/a>, <a href=\"https:\/\/www.hebaiele.com\/fr\/photoelectric-sensors\/\"><span style=\"text-decoration: underline;\"><em><strong>capteurs photo\u00e9lectriques<\/strong><\/em><\/span><\/a>, <a href=\"https:\/\/www.hebaiele.com\/fr\/pneumatic-cylinders\/\"><span style=\"text-decoration: underline;\"><strong>cylindres d'air<\/strong><\/span><\/a>et d'autres produits sur le march\u00e9, nous consolidons notre place en tant que source privil\u00e9gi\u00e9e de solutions d'automatisation industrielle.<\/p>\t\t\t\t\t\t<\/div>\n\t\t\t\t<\/div>\n\t\t\t\t\t<\/div>\n\t\t<\/div>\n\t\t\t\t\t<\/div>\n\t\t<\/section>\n\t\t\t\t\t<\/div>\n\t\t<\/div>\n\t\t\t\t\t<\/div>\n\t\t<\/section>\n\t\t\t\t<\/div>","protected":false},"excerpt":{"rendered":"<p>Pour une automatisation abordable, r\u00e9alisable et optimis\u00e9e Rien ne vaut HEBAI pour fournir au march\u00e9 mondial des produits d'automatisation industrielle fabriqu\u00e9s avec excellence et d\u00e9vouement. Soutenues par un personnel exp\u00e9riment\u00e9 poss\u00e9dant une expertise en mati\u00e8re de conception de circuits et une volont\u00e9 perp\u00e9tuelle d'am\u00e9lioration, nos solides capacit\u00e9s de conception et d'ing\u00e9nierie garantissent des produits fiables et de qualit\u00e9 sup\u00e9rieure qui offrent des performances constantes. Abordable Nous proposons des pi\u00e8ces de rechange [...]<\/p>","protected":false},"author":2,"featured_media":0,"parent":0,"menu_order":12,"comment_status":"closed","ping_status":"closed","template":"","meta":{"_acf_changed":false,"_seopress_robots_primary_cat":"0","_seopress_titles_title":"Designing &amp; Engineering \u2013 HEBAI","_seopress_titles_desc":"Knowledgeable in industrial automation requirements. Dedicated engineers with years of experience. Cost-effective automation solutions.","_seopress_robots_index":"","footnotes":""},"class_list":["post-51","page","type-page","status-publish","hentry"],"acf":[],"_links":{"self":[{"href":"https:\/\/www.hebaiele.com\/fr\/wp-json\/wp\/v2\/pages\/51","targetHints":{"allow":["GET"]}}],"collection":[{"href":"https:\/\/www.hebaiele.com\/fr\/wp-json\/wp\/v2\/pages"}],"about":[{"href":"https:\/\/www.hebaiele.com\/fr\/wp-json\/wp\/v2\/types\/page"}],"author":[{"embeddable":true,"href":"https:\/\/www.hebaiele.com\/fr\/wp-json\/wp\/v2\/users\/2"}],"replies":[{"embeddable":true,"href":"https:\/\/www.hebaiele.com\/fr\/wp-json\/wp\/v2\/comments?post=51"}],"version-history":[{"count":40,"href":"https:\/\/www.hebaiele.com\/fr\/wp-json\/wp\/v2\/pages\/51\/revisions"}],"predecessor-version":[{"id":10973,"href":"https:\/\/www.hebaiele.com\/fr\/wp-json\/wp\/v2\/pages\/51\/revisions\/10973"}],"wp:attachment":[{"href":"https:\/\/www.hebaiele.com\/fr\/wp-json\/wp\/v2\/media?parent=51"}],"curies":[{"name":"wp","href":"https:\/\/api.w.org\/{rel}","templated":true}]}}