{"id":74,"date":"2023-11-27T08:37:17","date_gmt":"2023-11-27T08:37:17","guid":{"rendered":"https:\/\/www.hebaiele.com\/?page_id=74"},"modified":"2026-01-27T01:23:56","modified_gmt":"2026-01-27T01:23:56","slug":"projects","status":"publish","type":"page","link":"https:\/\/www.hebaiele.com\/fr\/projects\/","title":{"rendered":"Projets"},"content":{"rendered":"<div data-elementor-type=\"wp-page\" data-elementor-id=\"74\" class=\"elementor elementor-74\" data-elementor-post-type=\"page\">\n\t\t\t\t\t\t<section class=\"elementor-section elementor-top-section elementor-element elementor-element-15f9ad6 elementor-section-boxed elementor-section-height-default elementor-section-height-default\" data-id=\"15f9ad6\" data-element_type=\"section\">\n\t\t\t\t\t\t<div class=\"elementor-container elementor-column-gap-default\">\n\t\t\t\t\t<div class=\"elementor-column elementor-col-100 elementor-top-column elementor-element elementor-element-00403a0\" data-id=\"00403a0\" data-element_type=\"column\">\n\t\t\t<div class=\"elementor-widget-wrap elementor-element-populated\">\n\t\t\t\t\t\t<div class=\"elementor-element elementor-element-2f7af67 elementor-grid-3 elementor-grid-tablet-2 elementor-grid-mobile-1 elementor-widget elementor-widget-pp-posts\" data-id=\"2f7af67\" data-element_type=\"widget\" data-widget_type=\"pp-posts.card\">\n\t\t\t\t<div class=\"elementor-widget-container\">\n\t\t\t\t\t<div class=\"pp-posts-container\">\n\t\t\t\n\t\t\t\t\t\t\t\t\t\t\n\t\t\t<div class=\"pp-posts pp-posts-skin-card elementor-grid pp-posts-grid\" data-query-type=\"custom\" data-layout=\"grid\" data-page=\"74\" data-skin=\"card\">\n\t\t\t\t\t\t\t\t\t\t\t<div class=\"pp-post-wrap pp-grid-item-wrap elementor-grid-item post-11212 post type-post status-publish format-standard has-post-thumbnail hentry category-uncategorized\">\n\t\t\t\t\t\t<div class=\"pp-post pp-grid-item\">\n\t\t\t\t\t\t<div class=\"pp-post-thumbnail\">\n\t\t\t<a class=\"pp-post-thumbnail-wrap\" href=\"https:\/\/www.hebaiele.com\/fr\/factory-automation-vs-process-automation\/\" title=\"Aper\u00e7u de la situation : Automatisation des usines et automatisation des processus\">\n\t\t\t\t<img fetchpriority=\"high\" decoding=\"async\" width=\"1024\" height=\"768\" src=\"https:\/\/www.hebaiele.com\/wp-content\/uploads\/2026\/02\/image-3.webp\" class=\"attachment-large size-large wp-image-11219\" alt=\"automatisation des usines et automatisation des processus\" srcset=\"https:\/\/www.hebaiele.com\/wp-content\/uploads\/2026\/02\/image-3.webp 1024w, https:\/\/www.hebaiele.com\/wp-content\/uploads\/2026\/02\/image-3-300x225.webp 300w, https:\/\/www.hebaiele.com\/wp-content\/uploads\/2026\/02\/image-3-768x576.webp 768w, https:\/\/www.hebaiele.com\/wp-content\/uploads\/2026\/02\/image-3-16x12.webp 16w\" sizes=\"(max-width: 1024px) 100vw, 1024px\" \/>\t\t\t<\/a>\n\t\t<\/div>\n\t\t\n\t\t\t\t<div class=\"pp-post-content-wrap\">\n\t\t\t\t\t<div class=\"pp-post-content\">\n\t\t\t\t\t\t\t\t\t\t\t\t<h2 class=\"pp-post-title\">\n\t\t\t\t<a href=\"https:\/\/www.hebaiele.com\/fr\/factory-automation-vs-process-automation\/\">Aper\u00e7u de la situation : Automatisation des usines et automatisation des processus<\/a>\t\t\t<\/h2>\n\t\t\t\t\t\t\t<div class=\"pp-post-excerpt\">\n\t\t\t<p>Introduction : Pourquoi l'\"automatisation\" n'est pas un terme universel Dans les industries contemporaines, l'automatisation et, plus largement, l'automatisation industrielle sont consid\u00e9r\u00e9es comme des ...<\/p>\n\t\t<\/div>\n\t\t\t\t\t\t\t\t\t<\/div>\n\t\t\t\t\t\t\t\t\t<\/div>\n\n\t\t\t\t\t\t\t<\/div>\n\t\t\t\t\t<\/div>\n\t\t\t\t<div class=\"pp-post-wrap pp-grid-item-wrap elementor-grid-item post-11186 post type-post status-publish format-standard has-post-thumbnail hentry category-uncategorized\">\n\t\t\t\t\t\t<div class=\"pp-post pp-grid-item\">\n\t\t\t\t\t\t<div class=\"pp-post-thumbnail\">\n\t\t\t<a class=\"pp-post-thumbnail-wrap\" href=\"https:\/\/www.hebaiele.com\/fr\/factory-automation-trends\/\" title=\"Introduction : L&#039;imp\u00e9ratif d&#039;automatisation et le r\u00f4le fondamental du pouvoir\">\n\t\t\t\t<img decoding=\"async\" width=\"1024\" height=\"768\" src=\"https:\/\/www.hebaiele.com\/wp-content\/uploads\/2026\/02\/factory-automation-trends-3.webp\" class=\"attachment-large size-large wp-image-11206\" alt=\"tendances en mati\u00e8re d&#039;automatisation des usines\" srcset=\"https:\/\/www.hebaiele.com\/wp-content\/uploads\/2026\/02\/factory-automation-trends-3.webp 1024w, https:\/\/www.hebaiele.com\/wp-content\/uploads\/2026\/02\/factory-automation-trends-3-300x225.webp 300w, https:\/\/www.hebaiele.com\/wp-content\/uploads\/2026\/02\/factory-automation-trends-3-768x576.webp 768w, https:\/\/www.hebaiele.com\/wp-content\/uploads\/2026\/02\/factory-automation-trends-3-16x12.webp 16w\" sizes=\"(max-width: 1024px) 100vw, 1024px\" \/>\t\t\t<\/a>\n\t\t<\/div>\n\t\t\n\t\t\t\t<div class=\"pp-post-content-wrap\">\n\t\t\t\t\t<div class=\"pp-post-content\">\n\t\t\t\t\t\t\t\t\t\t\t\t<h2 class=\"pp-post-title\">\n\t\t\t\t<a href=\"https:\/\/www.hebaiele.com\/fr\/factory-automation-trends\/\">Introduction : L'imp\u00e9ratif d'automatisation et le r\u00f4le fondamental du pouvoir<\/a>\t\t\t<\/h2>\n\t\t\t\t\t\t\t<div class=\"pp-post-excerpt\">\n\t\t\t<p>Introduction : L'imp\u00e9ratif d'automatisation et le r\u00f4le fondamental de l'\u00e9nergie Le secteur manufacturier mondial conna\u00eet l'une des plus profondes ...<\/p>\n\t\t<\/div>\n\t\t\t\t\t\t\t\t\t<\/div>\n\t\t\t\t\t\t\t\t\t<\/div>\n\n\t\t\t\t\t\t\t<\/div>\n\t\t\t\t\t<\/div>\n\t\t\t\t<div class=\"pp-post-wrap pp-grid-item-wrap elementor-grid-item post-11177 post type-post status-publish format-standard has-post-thumbnail hentry category-uncategorized\">\n\t\t\t\t\t\t<div class=\"pp-post pp-grid-item\">\n\t\t\t\t\t\t<div class=\"pp-post-thumbnail\">\n\t\t\t<a class=\"pp-post-thumbnail-wrap\" href=\"https:\/\/www.hebaiele.com\/fr\/manufacturing-cost-reduction\/\" title=\"Ma\u00eetriser la r\u00e9duction des co\u00fbts de fabrication : 5 piliers cl\u00e9s\">\n\t\t\t\t<img decoding=\"async\" width=\"1024\" height=\"768\" src=\"https:\/\/www.hebaiele.com\/wp-content\/uploads\/2026\/02\/manufacturing-cost-reduction-1.webp\" class=\"attachment-large size-large wp-image-11183\" alt=\"r\u00e9duction des co\u00fbts de fabrication\" srcset=\"https:\/\/www.hebaiele.com\/wp-content\/uploads\/2026\/02\/manufacturing-cost-reduction-1.webp 1024w, https:\/\/www.hebaiele.com\/wp-content\/uploads\/2026\/02\/manufacturing-cost-reduction-1-300x225.webp 300w, https:\/\/www.hebaiele.com\/wp-content\/uploads\/2026\/02\/manufacturing-cost-reduction-1-768x576.webp 768w, https:\/\/www.hebaiele.com\/wp-content\/uploads\/2026\/02\/manufacturing-cost-reduction-1-16x12.webp 16w\" sizes=\"(max-width: 1024px) 100vw, 1024px\" \/>\t\t\t<\/a>\n\t\t<\/div>\n\t\t\n\t\t\t\t<div class=\"pp-post-content-wrap\">\n\t\t\t\t\t<div class=\"pp-post-content\">\n\t\t\t\t\t\t\t\t\t\t\t\t<h2 class=\"pp-post-title\">\n\t\t\t\t<a href=\"https:\/\/www.hebaiele.com\/fr\/manufacturing-cost-reduction\/\">Ma\u00eetriser la r\u00e9duction des co\u00fbts de fabrication : 5 piliers cl\u00e9s<\/a>\t\t\t<\/h2>\n\t\t\t\t\t\t\t<div class=\"pp-post-excerpt\">\n\t\t\t<p>Le mandat de haute efficacit\u00e9 : Red\u00e9finir la r\u00e9duction des co\u00fbts Suivre les pressions du march\u00e9 s'est traduit par la n\u00e9cessit\u00e9 d'am\u00e9liorer l'efficacit\u00e9 op\u00e9rationnelle. Les entreprises ...<\/p>\n\t\t<\/div>\n\t\t\t\t\t\t\t\t\t<\/div>\n\t\t\t\t\t\t\t\t\t<\/div>\n\n\t\t\t\t\t\t\t<\/div>\n\t\t\t\t\t<\/div>\n\t\t\t\t<div class=\"pp-post-wrap pp-grid-item-wrap elementor-grid-item post-10444 post type-post status-publish format-standard has-post-thumbnail hentry category-pneumatic-components\">\n\t\t\t\t\t\t<div class=\"pp-post pp-grid-item\">\n\t\t\t\t\t\t<div class=\"pp-post-thumbnail\">\n\t\t\t<a class=\"pp-post-thumbnail-wrap\" href=\"https:\/\/www.hebaiele.com\/fr\/pneumatic-parts-supplier\/\" title=\"Choisir le meilleur fournisseur de pi\u00e8ces pneumatiques pour vos besoins\">\n\t\t\t\t<img loading=\"lazy\" decoding=\"async\" width=\"1024\" height=\"768\" src=\"https:\/\/www.hebaiele.com\/wp-content\/uploads\/2026\/01\/pneumatic-parts-supplier.webp\" class=\"attachment-large size-large wp-image-10446\" alt=\"fournisseur de pi\u00e8ces pneumatiques\" srcset=\"https:\/\/www.hebaiele.com\/wp-content\/uploads\/2026\/01\/pneumatic-parts-supplier.webp 1024w, https:\/\/www.hebaiele.com\/wp-content\/uploads\/2026\/01\/pneumatic-parts-supplier-300x225.webp 300w, https:\/\/www.hebaiele.com\/wp-content\/uploads\/2026\/01\/pneumatic-parts-supplier-768x576.webp 768w, https:\/\/www.hebaiele.com\/wp-content\/uploads\/2026\/01\/pneumatic-parts-supplier-16x12.webp 16w\" sizes=\"(max-width: 1024px) 100vw, 1024px\" \/>\t\t\t<\/a>\n\t\t<\/div>\n\t\t\n\t\t\t\t<div class=\"pp-post-content-wrap\">\n\t\t\t\t\t<div class=\"pp-post-content\">\n\t\t\t\t\t\t\t\t\t\t\t\t<h2 class=\"pp-post-title\">\n\t\t\t\t<a href=\"https:\/\/www.hebaiele.com\/fr\/pneumatic-parts-supplier\/\">Choisir le meilleur fournisseur de pi\u00e8ces pneumatiques pour vos besoins<\/a>\t\t\t<\/h2>\n\t\t\t\t\t\t\t<div class=\"pp-post-excerpt\">\n\t\t\t<p>Pr\u00e9face Soyons francs, dans le monde de la fabrication et de l'automatisation industrielle, le temps est un facteur essentiel. Lorsque vous ...<\/p>\n\t\t<\/div>\n\t\t\t\t\t\t\t\t\t<\/div>\n\t\t\t\t\t\t\t\t\t<\/div>\n\n\t\t\t\t\t\t\t<\/div>\n\t\t\t\t\t<\/div>\n\t\t\t\t<div class=\"pp-post-wrap pp-grid-item-wrap elementor-grid-item post-10219 post type-post status-publish format-standard has-post-thumbnail hentry category-industrial-automation\">\n\t\t\t\t\t\t<div class=\"pp-post pp-grid-item\">\n\t\t\t\t\t\t<div class=\"pp-post-thumbnail\">\n\t\t\t<a class=\"pp-post-thumbnail-wrap\" href=\"https:\/\/www.hebaiele.com\/fr\/factory-automation-components\/\" title=\"Composants d&#039;automatisation industrielle : Le guide ultime\">\n\t\t\t\t<img loading=\"lazy\" decoding=\"async\" width=\"1024\" height=\"768\" src=\"https:\/\/www.hebaiele.com\/wp-content\/uploads\/2025\/12\/factory-automation-components-1.webp\" class=\"attachment-large size-large wp-image-10231\" alt=\"composants pour l&#039;automatisation des usines\" srcset=\"https:\/\/www.hebaiele.com\/wp-content\/uploads\/2025\/12\/factory-automation-components-1.webp 1024w, https:\/\/www.hebaiele.com\/wp-content\/uploads\/2025\/12\/factory-automation-components-1-300x225.webp 300w, https:\/\/www.hebaiele.com\/wp-content\/uploads\/2025\/12\/factory-automation-components-1-768x576.webp 768w, https:\/\/www.hebaiele.com\/wp-content\/uploads\/2025\/12\/factory-automation-components-1-16x12.webp 16w\" sizes=\"(max-width: 1024px) 100vw, 1024px\" \/>\t\t\t<\/a>\n\t\t<\/div>\n\t\t\n\t\t\t\t<div class=\"pp-post-content-wrap\">\n\t\t\t\t\t<div class=\"pp-post-content\">\n\t\t\t\t\t\t\t\t\t\t\t\t<h2 class=\"pp-post-title\">\n\t\t\t\t<a href=\"https:\/\/www.hebaiele.com\/fr\/factory-automation-components\/\">Composants d'automatisation industrielle : Le guide ultime<\/a>\t\t\t<\/h2>\n\t\t\t\t\t\t\t<div class=\"pp-post-excerpt\">\n\t\t\t<p>Qu'est-ce que les composants d'automatisation industrielle (et pourquoi sont-ils le moteur de l'industrie moderne) ? Regardez n'importe quelle cha\u00eene de production contemporaine, qu'elle soit ...<\/p>\n\t\t<\/div>\n\t\t\t\t\t\t\t\t\t<\/div>\n\t\t\t\t\t\t\t\t\t<\/div>\n\n\t\t\t\t\t\t\t<\/div>\n\t\t\t\t\t<\/div>\n\t\t\t\t<div class=\"pp-post-wrap pp-grid-item-wrap elementor-grid-item post-10208 post type-post status-publish format-standard has-post-thumbnail hentry category-industrial-automation category-uncategorized\">\n\t\t\t\t\t\t<div class=\"pp-post pp-grid-item\">\n\t\t\t\t\t\t<div class=\"pp-post-thumbnail\">\n\t\t\t<a class=\"pp-post-thumbnail-wrap\" href=\"https:\/\/www.hebaiele.com\/fr\/a-practical-guide-to-improve-manufacturing-efficiency\/\" title=\"Un guide pratique pour am\u00e9liorer l&#039;efficacit\u00e9 de la fabrication\">\n\t\t\t\t<img loading=\"lazy\" decoding=\"async\" width=\"1024\" height=\"768\" src=\"https:\/\/www.hebaiele.com\/wp-content\/uploads\/2025\/12\/improve-manufacturing-efficiency-4.webp\" class=\"attachment-large size-large wp-image-10216\" alt=\"am\u00e9liorer l&#039;efficacit\u00e9 de la production\" srcset=\"https:\/\/www.hebaiele.com\/wp-content\/uploads\/2025\/12\/improve-manufacturing-efficiency-4.webp 1024w, https:\/\/www.hebaiele.com\/wp-content\/uploads\/2025\/12\/improve-manufacturing-efficiency-4-300x225.webp 300w, https:\/\/www.hebaiele.com\/wp-content\/uploads\/2025\/12\/improve-manufacturing-efficiency-4-768x576.webp 768w, https:\/\/www.hebaiele.com\/wp-content\/uploads\/2025\/12\/improve-manufacturing-efficiency-4-16x12.webp 16w\" sizes=\"(max-width: 1024px) 100vw, 1024px\" \/>\t\t\t<\/a>\n\t\t<\/div>\n\t\t\n\t\t\t\t<div class=\"pp-post-content-wrap\">\n\t\t\t\t\t<div class=\"pp-post-content\">\n\t\t\t\t\t\t\t\t\t\t\t\t<h2 class=\"pp-post-title\">\n\t\t\t\t<a href=\"https:\/\/www.hebaiele.com\/fr\/a-practical-guide-to-improve-manufacturing-efficiency\/\">Un guide pratique pour am\u00e9liorer l'efficacit\u00e9 de la fabrication<\/a>\t\t\t<\/h2>\n\t\t\t\t\t\t\t<div class=\"pp-post-excerpt\">\n\t\t\t<p>Pourquoi l'am\u00e9lioration de l'efficacit\u00e9 de la production n'est plus facultative Commen\u00e7ons par un fait ind\u00e9niable et \u00e9vident : la recherche ...<\/p>\n\t\t<\/div>\n\t\t\t\t\t\t\t\t\t<\/div>\n\t\t\t\t\t\t\t\t\t<\/div>\n\n\t\t\t\t\t\t\t<\/div>\n\t\t\t\t\t<\/div>\n\t\t\t\t<div class=\"pp-post-wrap pp-grid-item-wrap elementor-grid-item post-10201 post type-post status-publish format-standard has-post-thumbnail hentry category-pneumatic-components\">\n\t\t\t\t\t\t<div class=\"pp-post pp-grid-item\">\n\t\t\t\t\t\t<div class=\"pp-post-thumbnail\">\n\t\t\t<a class=\"pp-post-thumbnail-wrap\" href=\"https:\/\/www.hebaiele.com\/fr\/what-is-factory-automation\/\" title=\"Qu&#039;est-ce que l&#039;automatisation industrielle ? Pourquoi votre syst\u00e8me a besoin de pi\u00e8ces pneumatiques\">\n\t\t\t\t<img loading=\"lazy\" decoding=\"async\" width=\"1024\" height=\"768\" src=\"https:\/\/www.hebaiele.com\/wp-content\/uploads\/2025\/12\/what-is-factory-automation-3.webp\" class=\"attachment-large size-large wp-image-10205\" alt=\"Qu&#039;est-ce que l&#039;automatisation des usines ?\" srcset=\"https:\/\/www.hebaiele.com\/wp-content\/uploads\/2025\/12\/what-is-factory-automation-3.webp 1024w, https:\/\/www.hebaiele.com\/wp-content\/uploads\/2025\/12\/what-is-factory-automation-3-300x225.webp 300w, https:\/\/www.hebaiele.com\/wp-content\/uploads\/2025\/12\/what-is-factory-automation-3-768x576.webp 768w, https:\/\/www.hebaiele.com\/wp-content\/uploads\/2025\/12\/what-is-factory-automation-3-16x12.webp 16w\" sizes=\"(max-width: 1024px) 100vw, 1024px\" \/>\t\t\t<\/a>\n\t\t<\/div>\n\t\t\n\t\t\t\t<div class=\"pp-post-content-wrap\">\n\t\t\t\t\t<div class=\"pp-post-content\">\n\t\t\t\t\t\t\t\t\t\t\t\t<h2 class=\"pp-post-title\">\n\t\t\t\t<a href=\"https:\/\/www.hebaiele.com\/fr\/what-is-factory-automation\/\">Qu'est-ce que l'automatisation industrielle ? Pourquoi votre syst\u00e8me a besoin de pi\u00e8ces pneumatiques<\/a>\t\t\t<\/h2>\n\t\t\t\t\t\t\t<div class=\"pp-post-excerpt\">\n\t\t\t<p>D\u00e9bloquer l'efficacit\u00e9 : Introduction \u00e0 l'automatisation des usines *Cette vid\u00e9o donne un aper\u00e7u concis de l'automatisation des usines Dans la marche inexorable ...<\/p>\n\t\t<\/div>\n\t\t\t\t\t\t\t\t\t<\/div>\n\t\t\t\t\t\t\t\t\t<\/div>\n\n\t\t\t\t\t\t\t<\/div>\n\t\t\t\t\t<\/div>\n\t\t\t\t<div class=\"pp-post-wrap pp-grid-item-wrap elementor-grid-item post-10064 post type-post status-publish format-standard has-post-thumbnail hentry category-automotive-automation\">\n\t\t\t\t\t\t<div class=\"pp-post pp-grid-item\">\n\t\t\t\t\t\t<div class=\"pp-post-thumbnail\">\n\t\t\t<a class=\"pp-post-thumbnail-wrap\" href=\"https:\/\/www.hebaiele.com\/fr\/automotive-automation\/\" title=\"Stimulez votre activit\u00e9 : Strat\u00e9gies d&#039;automatisation de l&#039;industrie automobile\">\n\t\t\t\t<img loading=\"lazy\" decoding=\"async\" width=\"1024\" height=\"768\" src=\"https:\/\/www.hebaiele.com\/wp-content\/uploads\/2025\/10\/automotive-automation.webp\" class=\"attachment-large size-large wp-image-10079\" alt=\"automatisation automobile\" srcset=\"https:\/\/www.hebaiele.com\/wp-content\/uploads\/2025\/10\/automotive-automation.webp 1024w, https:\/\/www.hebaiele.com\/wp-content\/uploads\/2025\/10\/automotive-automation-300x225.webp 300w, https:\/\/www.hebaiele.com\/wp-content\/uploads\/2025\/10\/automotive-automation-768x576.webp 768w, https:\/\/www.hebaiele.com\/wp-content\/uploads\/2025\/10\/automotive-automation-16x12.webp 16w\" sizes=\"(max-width: 1024px) 100vw, 1024px\" \/>\t\t\t<\/a>\n\t\t<\/div>\n\t\t\n\t\t\t\t<div class=\"pp-post-content-wrap\">\n\t\t\t\t\t<div class=\"pp-post-content\">\n\t\t\t\t\t\t\t\t\t\t\t\t<h2 class=\"pp-post-title\">\n\t\t\t\t<a href=\"https:\/\/www.hebaiele.com\/fr\/automotive-automation\/\">Stimulez votre activit\u00e9 : Strat\u00e9gies d'automatisation de l'industrie automobile<\/a>\t\t\t<\/h2>\n\t\t\t\t\t\t\t<div class=\"pp-post-excerpt\">\n\t\t\t<p>Pourquoi le retour sur investissement de votre automatisation automobile est cach\u00e9 \u00e0 la vue de tous Le mot automatisation automobile, dans le contexte ...<\/p>\n\t\t<\/div>\n\t\t\t\t\t\t\t\t\t<\/div>\n\t\t\t\t\t\t\t\t\t<\/div>\n\n\t\t\t\t\t\t\t<\/div>\n\t\t\t\t\t<\/div>\n\t\t\t\t<div class=\"pp-post-wrap pp-grid-item-wrap elementor-grid-item post-9981 post type-post status-publish format-standard has-post-thumbnail hentry category-automotive-automation\">\n\t\t\t\t\t\t<div class=\"pp-post pp-grid-item\">\n\t\t\t\t\t\t<div class=\"pp-post-thumbnail\">\n\t\t\t<a class=\"pp-post-thumbnail-wrap\" href=\"https:\/\/www.hebaiele.com\/fr\/car-manufacturing-process\/\" title=\"Processus de fabrication des voitures : Comment les pneumatiques font des miracles en mati\u00e8re d&#039;automatisation\">\n\t\t\t\t<img loading=\"lazy\" decoding=\"async\" width=\"1024\" height=\"768\" src=\"https:\/\/www.hebaiele.com\/wp-content\/uploads\/2025\/10\/car-manufacturing-process4.webp\" class=\"attachment-large size-large wp-image-10011\" alt=\"Processus de fabrication des voitures4\" srcset=\"https:\/\/www.hebaiele.com\/wp-content\/uploads\/2025\/10\/car-manufacturing-process4.webp 1024w, https:\/\/www.hebaiele.com\/wp-content\/uploads\/2025\/10\/car-manufacturing-process4-300x225.webp 300w, https:\/\/www.hebaiele.com\/wp-content\/uploads\/2025\/10\/car-manufacturing-process4-768x576.webp 768w, https:\/\/www.hebaiele.com\/wp-content\/uploads\/2025\/10\/car-manufacturing-process4-16x12.webp 16w\" sizes=\"(max-width: 1024px) 100vw, 1024px\" \/>\t\t\t<\/a>\n\t\t<\/div>\n\t\t\n\t\t\t\t<div class=\"pp-post-content-wrap\">\n\t\t\t\t\t<div class=\"pp-post-content\">\n\t\t\t\t\t\t\t\t\t\t\t\t<h2 class=\"pp-post-title\">\n\t\t\t\t<a href=\"https:\/\/www.hebaiele.com\/fr\/car-manufacturing-process\/\">Processus de fabrication des voitures : Comment les pneumatiques font des miracles en mati\u00e8re d'automatisation<\/a>\t\t\t<\/h2>\n\t\t\t\t\t\t\t<div class=\"pp-post-excerpt\">\n\t\t\t<p>Entrez dans une usine de construction automobile contemporaine. Il s'agit d'un espace vaste, compliqu\u00e9 et tr\u00e8s structur\u00e9, consacr\u00e9 \u00e0 la pr\u00e9cision, ...<\/p>\n\t\t<\/div>\n\t\t\t\t\t\t\t\t\t<\/div>\n\t\t\t\t\t\t\t\t\t<\/div>\n\n\t\t\t\t\t\t\t<\/div>\n\t\t\t\t\t<\/div>\n\t\t\t\t\t\t\t\t\t<\/div>\n\t\t\t\n\t\t\t\n\t\t\t\n\t\t\t\n\t\t\t\t\t\t\t\t\t\t\t<div class=\"pp-posts-pagination-wrap pp-posts-pagination-bottom\">\n\t\t\t\t\t\t\t\t<nav class=\"pp-posts-pagination pp-posts-pagination-ajax elementor-pagination\" role=\"navigation\" aria-label=\"Pagination\" data-total=\"12\">\n\t\t\t\t<span aria-current=\"page\" class=\"page-numbers current\">1<\/span>\n<a class=\"page-numbers\" href=\"https:\/\/www.hebaiele.com\/fr\/wp-json\/wp\/v2\/pages\/74\/page\/2\/\">2<\/a>\n<a class=\"page-numbers\" href=\"https:\/\/www.hebaiele.com\/fr\/wp-json\/wp\/v2\/pages\/74\/page\/3\/\">3<\/a>\n<a class=\"page-numbers\" href=\"https:\/\/www.hebaiele.com\/fr\/wp-json\/wp\/v2\/pages\/74\/page\/4\/\">4<\/a>\n<a class=\"page-numbers\" href=\"https:\/\/www.hebaiele.com\/fr\/wp-json\/wp\/v2\/pages\/74\/page\/5\/\">5<\/a>\n<a class=\"next page-numbers\" href=\"https:\/\/www.hebaiele.com\/fr\/wp-json\/wp\/v2\/pages\/74\/page\/2\/\">><\/a>\t\t\t<\/nav>\n\t\t\t\t\t\t\t<\/div>\n\t\t\t\t\t\t\t\t\t<\/div>\n\n\t\t\n\t\t\t\t<\/div>\n\t\t\t\t<\/div>\n\t\t\t\t\t<\/div>\n\t\t<\/div>\n\t\t\t\t\t<\/div>\n\t\t<\/section>\n\t\t\t\t<\/div>","protected":false},"excerpt":{"rendered":"<p>Lorem ipsum dolor sit amet08 Lorem ipsum dolor sit amet, consectetur adipiscing elit. Aenean euismod bibendum laoreet. Proin gravida dolor sit amet lacus accumsan et ... Lorem ipsum dolor sit amet06 Lorem ipsum dolor sit amet, consectetur adipiscing elit. Aenean euismod bibendum laoreet. Proin gravida dolor sit amet lacus accumsan et ... Lorem ipsum dolor [...]<\/p>","protected":false},"author":2,"featured_media":0,"parent":0,"menu_order":23,"comment_status":"closed","ping_status":"closed","template":"","meta":{"_acf_changed":false,"_seopress_robots_primary_cat":"0","_seopress_titles_title":"Projects \u2013 HEBAI","_seopress_titles_desc":"See how we are the key to the success of various businesses across different industries with our automation solutions on our projects page. Visit us today!","_seopress_robots_index":"","footnotes":""},"class_list":["post-74","page","type-page","status-publish","hentry"],"acf":[],"_links":{"self":[{"href":"https:\/\/www.hebaiele.com\/fr\/wp-json\/wp\/v2\/pages\/74","targetHints":{"allow":["GET"]}}],"collection":[{"href":"https:\/\/www.hebaiele.com\/fr\/wp-json\/wp\/v2\/pages"}],"about":[{"href":"https:\/\/www.hebaiele.com\/fr\/wp-json\/wp\/v2\/types\/page"}],"author":[{"embeddable":true,"href":"https:\/\/www.hebaiele.com\/fr\/wp-json\/wp\/v2\/users\/2"}],"replies":[{"embeddable":true,"href":"https:\/\/www.hebaiele.com\/fr\/wp-json\/wp\/v2\/comments?post=74"}],"version-history":[{"count":16,"href":"https:\/\/www.hebaiele.com\/fr\/wp-json\/wp\/v2\/pages\/74\/revisions"}],"predecessor-version":[{"id":2018,"href":"https:\/\/www.hebaiele.com\/fr\/wp-json\/wp\/v2\/pages\/74\/revisions\/2018"}],"wp:attachment":[{"href":"https:\/\/www.hebaiele.com\/fr\/wp-json\/wp\/v2\/media?parent=74"}],"curies":[{"name":"wp","href":"https:\/\/api.w.org\/{rel}","templated":true}]}}