{"id":82,"date":"2023-11-27T08:38:20","date_gmt":"2023-11-27T08:38:20","guid":{"rendered":"https:\/\/www.hebaiele.com\/?page_id=82"},"modified":"2026-04-30T01:25:17","modified_gmt":"2026-04-30T01:25:17","slug":"blogs","status":"publish","type":"page","link":"https:\/\/www.hebaiele.com\/fr\/blogs\/","title":{"rendered":"Blogs"},"content":{"rendered":"<div data-elementor-type=\"wp-page\" data-elementor-id=\"82\" class=\"elementor elementor-82\" data-elementor-post-type=\"page\">\n\t\t\t\t\t\t<section class=\"elementor-section elementor-top-section elementor-element elementor-element-5a2748e elementor-section-boxed elementor-section-height-default elementor-section-height-default\" data-id=\"5a2748e\" data-element_type=\"section\">\n\t\t\t\t\t\t<div class=\"elementor-container elementor-column-gap-default\">\n\t\t\t\t\t<div class=\"elementor-column elementor-col-100 elementor-top-column elementor-element elementor-element-d546594\" data-id=\"d546594\" data-element_type=\"column\">\n\t\t\t<div class=\"elementor-widget-wrap elementor-element-populated\">\n\t\t\t\t\t\t<div class=\"elementor-element elementor-element-8b12457 elementor-grid-3 elementor-grid-tablet-2 elementor-grid-mobile-1 elementor-widget elementor-widget-pp-posts\" data-id=\"8b12457\" data-element_type=\"widget\" data-widget_type=\"pp-posts.classic\">\n\t\t\t\t<div class=\"elementor-widget-container\">\n\t\t\t\t\t<div class=\"pp-posts-container\">\n\t\t\t\n\t\t\t\t\t\t\t\t\t\t\n\t\t\t<div class=\"pp-posts pp-posts-skin-classic elementor-grid pp-posts-grid\" data-query-type=\"custom\" data-layout=\"grid\" data-page=\"82\" data-skin=\"classic\">\n\t\t\t\t\t\t\t\t\t\t\t<div class=\"pp-post-wrap pp-grid-item-wrap elementor-grid-item post-11212 post type-post status-publish format-standard has-post-thumbnail hentry category-uncategorized\">\n\t\t\t\t\t\t<div class=\"pp-post pp-grid-item\">\n\t\t\t\t\t\t<div class=\"pp-post-thumbnail\">\n\t\t\t<a class=\"pp-post-thumbnail-wrap\" href=\"https:\/\/www.hebaiele.com\/fr\/factory-automation-vs-process-automation\/\" title=\"Aper\u00e7u de la situation : Automatisation des usines et automatisation des processus\">\n\t\t\t\t<img fetchpriority=\"high\" decoding=\"async\" width=\"1024\" height=\"768\" src=\"https:\/\/www.hebaiele.com\/wp-content\/uploads\/2026\/02\/image-3.webp\" class=\"attachment-large size-large wp-image-11219\" alt=\"automatisation des usines et automatisation des processus\" srcset=\"https:\/\/www.hebaiele.com\/wp-content\/uploads\/2026\/02\/image-3.webp 1024w, https:\/\/www.hebaiele.com\/wp-content\/uploads\/2026\/02\/image-3-300x225.webp 300w, https:\/\/www.hebaiele.com\/wp-content\/uploads\/2026\/02\/image-3-768x576.webp 768w, https:\/\/www.hebaiele.com\/wp-content\/uploads\/2026\/02\/image-3-16x12.webp 16w\" sizes=\"(max-width: 1024px) 100vw, 1024px\" \/>\t\t\t<\/a>\n\t\t<\/div>\n\t\t\n\t\t\t\t\n\t\t\t\t<div class=\"pp-post-content-wrap\">\n\t\t\t\t\t<div class=\"pp-post-content\">\n\t\t\t\t\t\t\t\t\t\t\t\t<h2 class=\"pp-post-title\">\n\t\t\t\t<a href=\"https:\/\/www.hebaiele.com\/fr\/factory-automation-vs-process-automation\/\">Aper\u00e7u de la situation : Automatisation des usines et automatisation des processus<\/a>\t\t\t<\/h2>\n\t\t\t\t\t\t\t\t<\/div>\n\t\t\t\t\t\t\t\t\t<\/div>\n\n\t\t\t\t\t\t\t<\/div>\n\t\t\t\t\t<\/div>\n\t\t\t\t<div class=\"pp-post-wrap pp-grid-item-wrap elementor-grid-item post-11186 post type-post status-publish format-standard has-post-thumbnail hentry category-uncategorized\">\n\t\t\t\t\t\t<div class=\"pp-post pp-grid-item\">\n\t\t\t\t\t\t<div class=\"pp-post-thumbnail\">\n\t\t\t<a class=\"pp-post-thumbnail-wrap\" href=\"https:\/\/www.hebaiele.com\/fr\/factory-automation-trends\/\" title=\"Introduction : L&#039;imp\u00e9ratif d&#039;automatisation et le r\u00f4le fondamental du pouvoir\">\n\t\t\t\t<img decoding=\"async\" width=\"1024\" height=\"768\" src=\"https:\/\/www.hebaiele.com\/wp-content\/uploads\/2026\/02\/factory-automation-trends-3.webp\" class=\"attachment-large size-large wp-image-11206\" alt=\"tendances en mati\u00e8re d&#039;automatisation des usines\" srcset=\"https:\/\/www.hebaiele.com\/wp-content\/uploads\/2026\/02\/factory-automation-trends-3.webp 1024w, https:\/\/www.hebaiele.com\/wp-content\/uploads\/2026\/02\/factory-automation-trends-3-300x225.webp 300w, https:\/\/www.hebaiele.com\/wp-content\/uploads\/2026\/02\/factory-automation-trends-3-768x576.webp 768w, https:\/\/www.hebaiele.com\/wp-content\/uploads\/2026\/02\/factory-automation-trends-3-16x12.webp 16w\" sizes=\"(max-width: 1024px) 100vw, 1024px\" \/>\t\t\t<\/a>\n\t\t<\/div>\n\t\t\n\t\t\t\t\n\t\t\t\t<div class=\"pp-post-content-wrap\">\n\t\t\t\t\t<div class=\"pp-post-content\">\n\t\t\t\t\t\t\t\t\t\t\t\t<h2 class=\"pp-post-title\">\n\t\t\t\t<a href=\"https:\/\/www.hebaiele.com\/fr\/factory-automation-trends\/\">Introduction : L'imp\u00e9ratif d'automatisation et le r\u00f4le fondamental du pouvoir<\/a>\t\t\t<\/h2>\n\t\t\t\t\t\t\t\t<\/div>\n\t\t\t\t\t\t\t\t\t<\/div>\n\n\t\t\t\t\t\t\t<\/div>\n\t\t\t\t\t<\/div>\n\t\t\t\t<div class=\"pp-post-wrap pp-grid-item-wrap elementor-grid-item post-11177 post type-post status-publish format-standard has-post-thumbnail hentry category-uncategorized\">\n\t\t\t\t\t\t<div class=\"pp-post pp-grid-item\">\n\t\t\t\t\t\t<div class=\"pp-post-thumbnail\">\n\t\t\t<a class=\"pp-post-thumbnail-wrap\" href=\"https:\/\/www.hebaiele.com\/fr\/manufacturing-cost-reduction\/\" title=\"Ma\u00eetriser la r\u00e9duction des co\u00fbts de fabrication : 5 piliers cl\u00e9s\">\n\t\t\t\t<img decoding=\"async\" width=\"1024\" height=\"768\" src=\"https:\/\/www.hebaiele.com\/wp-content\/uploads\/2026\/02\/manufacturing-cost-reduction-1.webp\" class=\"attachment-large size-large wp-image-11183\" alt=\"r\u00e9duction des co\u00fbts de fabrication\" srcset=\"https:\/\/www.hebaiele.com\/wp-content\/uploads\/2026\/02\/manufacturing-cost-reduction-1.webp 1024w, https:\/\/www.hebaiele.com\/wp-content\/uploads\/2026\/02\/manufacturing-cost-reduction-1-300x225.webp 300w, https:\/\/www.hebaiele.com\/wp-content\/uploads\/2026\/02\/manufacturing-cost-reduction-1-768x576.webp 768w, https:\/\/www.hebaiele.com\/wp-content\/uploads\/2026\/02\/manufacturing-cost-reduction-1-16x12.webp 16w\" sizes=\"(max-width: 1024px) 100vw, 1024px\" \/>\t\t\t<\/a>\n\t\t<\/div>\n\t\t\n\t\t\t\t\n\t\t\t\t<div class=\"pp-post-content-wrap\">\n\t\t\t\t\t<div class=\"pp-post-content\">\n\t\t\t\t\t\t\t\t\t\t\t\t<h2 class=\"pp-post-title\">\n\t\t\t\t<a href=\"https:\/\/www.hebaiele.com\/fr\/manufacturing-cost-reduction\/\">Ma\u00eetriser la r\u00e9duction des co\u00fbts de fabrication : 5 piliers cl\u00e9s<\/a>\t\t\t<\/h2>\n\t\t\t\t\t\t\t\t<\/div>\n\t\t\t\t\t\t\t\t\t<\/div>\n\n\t\t\t\t\t\t\t<\/div>\n\t\t\t\t\t<\/div>\n\t\t\t\t<div class=\"pp-post-wrap pp-grid-item-wrap elementor-grid-item post-10444 post type-post status-publish format-standard has-post-thumbnail hentry category-pneumatic-components\">\n\t\t\t\t\t\t<div class=\"pp-post pp-grid-item\">\n\t\t\t\t\t\t<div class=\"pp-post-thumbnail\">\n\t\t\t<a class=\"pp-post-thumbnail-wrap\" href=\"https:\/\/www.hebaiele.com\/fr\/pneumatic-parts-supplier\/\" title=\"Choisir le meilleur fournisseur de pi\u00e8ces pneumatiques pour vos besoins\">\n\t\t\t\t<img loading=\"lazy\" decoding=\"async\" width=\"1024\" height=\"768\" src=\"https:\/\/www.hebaiele.com\/wp-content\/uploads\/2026\/01\/pneumatic-parts-supplier.webp\" class=\"attachment-large size-large wp-image-10446\" alt=\"fournisseur de pi\u00e8ces pneumatiques\" srcset=\"https:\/\/www.hebaiele.com\/wp-content\/uploads\/2026\/01\/pneumatic-parts-supplier.webp 1024w, https:\/\/www.hebaiele.com\/wp-content\/uploads\/2026\/01\/pneumatic-parts-supplier-300x225.webp 300w, https:\/\/www.hebaiele.com\/wp-content\/uploads\/2026\/01\/pneumatic-parts-supplier-768x576.webp 768w, https:\/\/www.hebaiele.com\/wp-content\/uploads\/2026\/01\/pneumatic-parts-supplier-16x12.webp 16w\" sizes=\"(max-width: 1024px) 100vw, 1024px\" \/>\t\t\t<\/a>\n\t\t<\/div>\n\t\t\n\t\t\t\t\n\t\t\t\t<div class=\"pp-post-content-wrap\">\n\t\t\t\t\t<div class=\"pp-post-content\">\n\t\t\t\t\t\t\t\t\t\t\t\t<h2 class=\"pp-post-title\">\n\t\t\t\t<a href=\"https:\/\/www.hebaiele.com\/fr\/pneumatic-parts-supplier\/\">Choisir le meilleur fournisseur de pi\u00e8ces pneumatiques pour vos besoins<\/a>\t\t\t<\/h2>\n\t\t\t\t\t\t\t\t<\/div>\n\t\t\t\t\t\t\t\t\t<\/div>\n\n\t\t\t\t\t\t\t<\/div>\n\t\t\t\t\t<\/div>\n\t\t\t\t<div class=\"pp-post-wrap pp-grid-item-wrap elementor-grid-item post-10219 post type-post status-publish format-standard has-post-thumbnail hentry category-industrial-automation\">\n\t\t\t\t\t\t<div class=\"pp-post pp-grid-item\">\n\t\t\t\t\t\t<div class=\"pp-post-thumbnail\">\n\t\t\t<a class=\"pp-post-thumbnail-wrap\" href=\"https:\/\/www.hebaiele.com\/fr\/factory-automation-components\/\" title=\"Composants d&#039;automatisation industrielle : Le guide ultime\">\n\t\t\t\t<img loading=\"lazy\" decoding=\"async\" width=\"1024\" height=\"768\" src=\"https:\/\/www.hebaiele.com\/wp-content\/uploads\/2025\/12\/factory-automation-components-1.webp\" class=\"attachment-large size-large wp-image-10231\" alt=\"composants pour l&#039;automatisation des usines\" srcset=\"https:\/\/www.hebaiele.com\/wp-content\/uploads\/2025\/12\/factory-automation-components-1.webp 1024w, https:\/\/www.hebaiele.com\/wp-content\/uploads\/2025\/12\/factory-automation-components-1-300x225.webp 300w, https:\/\/www.hebaiele.com\/wp-content\/uploads\/2025\/12\/factory-automation-components-1-768x576.webp 768w, https:\/\/www.hebaiele.com\/wp-content\/uploads\/2025\/12\/factory-automation-components-1-16x12.webp 16w\" sizes=\"(max-width: 1024px) 100vw, 1024px\" \/>\t\t\t<\/a>\n\t\t<\/div>\n\t\t\n\t\t\t\t\n\t\t\t\t<div class=\"pp-post-content-wrap\">\n\t\t\t\t\t<div class=\"pp-post-content\">\n\t\t\t\t\t\t\t\t\t\t\t\t<h2 class=\"pp-post-title\">\n\t\t\t\t<a href=\"https:\/\/www.hebaiele.com\/fr\/factory-automation-components\/\">Composants d'automatisation industrielle : Le guide ultime<\/a>\t\t\t<\/h2>\n\t\t\t\t\t\t\t\t<\/div>\n\t\t\t\t\t\t\t\t\t<\/div>\n\n\t\t\t\t\t\t\t<\/div>\n\t\t\t\t\t<\/div>\n\t\t\t\t<div class=\"pp-post-wrap pp-grid-item-wrap elementor-grid-item post-10208 post type-post status-publish format-standard has-post-thumbnail hentry category-industrial-automation category-uncategorized\">\n\t\t\t\t\t\t<div class=\"pp-post pp-grid-item\">\n\t\t\t\t\t\t<div class=\"pp-post-thumbnail\">\n\t\t\t<a class=\"pp-post-thumbnail-wrap\" href=\"https:\/\/www.hebaiele.com\/fr\/a-practical-guide-to-improve-manufacturing-efficiency\/\" title=\"Un guide pratique pour am\u00e9liorer l&#039;efficacit\u00e9 de la fabrication\">\n\t\t\t\t<img loading=\"lazy\" decoding=\"async\" width=\"1024\" height=\"768\" src=\"https:\/\/www.hebaiele.com\/wp-content\/uploads\/2025\/12\/improve-manufacturing-efficiency-4.webp\" class=\"attachment-large size-large wp-image-10216\" alt=\"am\u00e9liorer l&#039;efficacit\u00e9 de la production\" srcset=\"https:\/\/www.hebaiele.com\/wp-content\/uploads\/2025\/12\/improve-manufacturing-efficiency-4.webp 1024w, https:\/\/www.hebaiele.com\/wp-content\/uploads\/2025\/12\/improve-manufacturing-efficiency-4-300x225.webp 300w, https:\/\/www.hebaiele.com\/wp-content\/uploads\/2025\/12\/improve-manufacturing-efficiency-4-768x576.webp 768w, https:\/\/www.hebaiele.com\/wp-content\/uploads\/2025\/12\/improve-manufacturing-efficiency-4-16x12.webp 16w\" sizes=\"(max-width: 1024px) 100vw, 1024px\" \/>\t\t\t<\/a>\n\t\t<\/div>\n\t\t\n\t\t\t\t\n\t\t\t\t<div class=\"pp-post-content-wrap\">\n\t\t\t\t\t<div class=\"pp-post-content\">\n\t\t\t\t\t\t\t\t\t\t\t\t<h2 class=\"pp-post-title\">\n\t\t\t\t<a href=\"https:\/\/www.hebaiele.com\/fr\/a-practical-guide-to-improve-manufacturing-efficiency\/\">Un guide pratique pour am\u00e9liorer l'efficacit\u00e9 de la fabrication<\/a>\t\t\t<\/h2>\n\t\t\t\t\t\t\t\t<\/div>\n\t\t\t\t\t\t\t\t\t<\/div>\n\n\t\t\t\t\t\t\t<\/div>\n\t\t\t\t\t<\/div>\n\t\t\t\t<div class=\"pp-post-wrap pp-grid-item-wrap elementor-grid-item post-10201 post type-post status-publish format-standard has-post-thumbnail hentry category-pneumatic-components\">\n\t\t\t\t\t\t<div class=\"pp-post pp-grid-item\">\n\t\t\t\t\t\t<div class=\"pp-post-thumbnail\">\n\t\t\t<a class=\"pp-post-thumbnail-wrap\" href=\"https:\/\/www.hebaiele.com\/fr\/what-is-factory-automation\/\" title=\"Qu&#039;est-ce que l&#039;automatisation industrielle ? Pourquoi votre syst\u00e8me a besoin de pi\u00e8ces pneumatiques\">\n\t\t\t\t<img loading=\"lazy\" decoding=\"async\" width=\"1024\" height=\"768\" src=\"https:\/\/www.hebaiele.com\/wp-content\/uploads\/2025\/12\/what-is-factory-automation-3.webp\" class=\"attachment-large size-large wp-image-10205\" alt=\"Qu&#039;est-ce que l&#039;automatisation des usines ?\" srcset=\"https:\/\/www.hebaiele.com\/wp-content\/uploads\/2025\/12\/what-is-factory-automation-3.webp 1024w, https:\/\/www.hebaiele.com\/wp-content\/uploads\/2025\/12\/what-is-factory-automation-3-300x225.webp 300w, https:\/\/www.hebaiele.com\/wp-content\/uploads\/2025\/12\/what-is-factory-automation-3-768x576.webp 768w, https:\/\/www.hebaiele.com\/wp-content\/uploads\/2025\/12\/what-is-factory-automation-3-16x12.webp 16w\" sizes=\"(max-width: 1024px) 100vw, 1024px\" \/>\t\t\t<\/a>\n\t\t<\/div>\n\t\t\n\t\t\t\t\n\t\t\t\t<div class=\"pp-post-content-wrap\">\n\t\t\t\t\t<div class=\"pp-post-content\">\n\t\t\t\t\t\t\t\t\t\t\t\t<h2 class=\"pp-post-title\">\n\t\t\t\t<a href=\"https:\/\/www.hebaiele.com\/fr\/what-is-factory-automation\/\">Qu'est-ce que l'automatisation industrielle ? Pourquoi votre syst\u00e8me a besoin de pi\u00e8ces pneumatiques<\/a>\t\t\t<\/h2>\n\t\t\t\t\t\t\t\t<\/div>\n\t\t\t\t\t\t\t\t\t<\/div>\n\n\t\t\t\t\t\t\t<\/div>\n\t\t\t\t\t<\/div>\n\t\t\t\t<div class=\"pp-post-wrap pp-grid-item-wrap elementor-grid-item post-10064 post type-post status-publish format-standard has-post-thumbnail hentry category-automotive-automation\">\n\t\t\t\t\t\t<div class=\"pp-post pp-grid-item\">\n\t\t\t\t\t\t<div class=\"pp-post-thumbnail\">\n\t\t\t<a class=\"pp-post-thumbnail-wrap\" href=\"https:\/\/www.hebaiele.com\/fr\/automotive-automation\/\" title=\"Stimulez votre activit\u00e9 : Strat\u00e9gies d&#039;automatisation de l&#039;industrie automobile\">\n\t\t\t\t<img loading=\"lazy\" decoding=\"async\" width=\"1024\" height=\"768\" src=\"https:\/\/www.hebaiele.com\/wp-content\/uploads\/2025\/10\/automotive-automation.webp\" class=\"attachment-large size-large wp-image-10079\" alt=\"automatisation automobile\" srcset=\"https:\/\/www.hebaiele.com\/wp-content\/uploads\/2025\/10\/automotive-automation.webp 1024w, https:\/\/www.hebaiele.com\/wp-content\/uploads\/2025\/10\/automotive-automation-300x225.webp 300w, https:\/\/www.hebaiele.com\/wp-content\/uploads\/2025\/10\/automotive-automation-768x576.webp 768w, https:\/\/www.hebaiele.com\/wp-content\/uploads\/2025\/10\/automotive-automation-16x12.webp 16w\" sizes=\"(max-width: 1024px) 100vw, 1024px\" \/>\t\t\t<\/a>\n\t\t<\/div>\n\t\t\n\t\t\t\t\n\t\t\t\t<div class=\"pp-post-content-wrap\">\n\t\t\t\t\t<div class=\"pp-post-content\">\n\t\t\t\t\t\t\t\t\t\t\t\t<h2 class=\"pp-post-title\">\n\t\t\t\t<a href=\"https:\/\/www.hebaiele.com\/fr\/automotive-automation\/\">Stimulez votre activit\u00e9 : Strat\u00e9gies d'automatisation de l'industrie automobile<\/a>\t\t\t<\/h2>\n\t\t\t\t\t\t\t\t<\/div>\n\t\t\t\t\t\t\t\t\t<\/div>\n\n\t\t\t\t\t\t\t<\/div>\n\t\t\t\t\t<\/div>\n\t\t\t\t<div class=\"pp-post-wrap pp-grid-item-wrap elementor-grid-item post-9981 post type-post status-publish format-standard has-post-thumbnail hentry category-automotive-automation\">\n\t\t\t\t\t\t<div class=\"pp-post pp-grid-item\">\n\t\t\t\t\t\t<div class=\"pp-post-thumbnail\">\n\t\t\t<a class=\"pp-post-thumbnail-wrap\" href=\"https:\/\/www.hebaiele.com\/fr\/car-manufacturing-process\/\" title=\"Processus de fabrication des voitures : Comment les pneumatiques font des miracles en mati\u00e8re d&#039;automatisation\">\n\t\t\t\t<img loading=\"lazy\" decoding=\"async\" width=\"1024\" height=\"768\" src=\"https:\/\/www.hebaiele.com\/wp-content\/uploads\/2025\/10\/car-manufacturing-process4.webp\" class=\"attachment-large size-large wp-image-10011\" alt=\"Processus de fabrication des voitures4\" srcset=\"https:\/\/www.hebaiele.com\/wp-content\/uploads\/2025\/10\/car-manufacturing-process4.webp 1024w, https:\/\/www.hebaiele.com\/wp-content\/uploads\/2025\/10\/car-manufacturing-process4-300x225.webp 300w, https:\/\/www.hebaiele.com\/wp-content\/uploads\/2025\/10\/car-manufacturing-process4-768x576.webp 768w, https:\/\/www.hebaiele.com\/wp-content\/uploads\/2025\/10\/car-manufacturing-process4-16x12.webp 16w\" sizes=\"(max-width: 1024px) 100vw, 1024px\" \/>\t\t\t<\/a>\n\t\t<\/div>\n\t\t\n\t\t\t\t\n\t\t\t\t<div class=\"pp-post-content-wrap\">\n\t\t\t\t\t<div class=\"pp-post-content\">\n\t\t\t\t\t\t\t\t\t\t\t\t<h2 class=\"pp-post-title\">\n\t\t\t\t<a href=\"https:\/\/www.hebaiele.com\/fr\/car-manufacturing-process\/\">Processus de fabrication des voitures : Comment les pneumatiques font des miracles en mati\u00e8re d'automatisation<\/a>\t\t\t<\/h2>\n\t\t\t\t\t\t\t\t<\/div>\n\t\t\t\t\t\t\t\t\t<\/div>\n\n\t\t\t\t\t\t\t<\/div>\n\t\t\t\t\t<\/div>\n\t\t\t\t\t\t\t\t\t<\/div>\n\t\t\t\n\t\t\t\n\t\t\t\n\t\t\t\n\t\t\t\t\t\t\t\t\t\t\t<div class=\"pp-posts-pagination-wrap pp-posts-pagination-bottom\">\n\t\t\t\t\t\t\t\t<nav class=\"pp-posts-pagination pp-posts-pagination-ajax elementor-pagination\" role=\"navigation\" aria-label=\"Pagination\" data-total=\"12\">\n\t\t\t\t<span aria-current=\"page\" class=\"page-numbers current\">1<\/span>\n<a class=\"page-numbers\" href=\"https:\/\/www.hebaiele.com\/fr\/wp-json\/wp\/v2\/pages\/82\/page\/2\/\">2<\/a>\n<a class=\"page-numbers\" href=\"https:\/\/www.hebaiele.com\/fr\/wp-json\/wp\/v2\/pages\/82\/page\/3\/\">3<\/a>\n<a class=\"page-numbers\" href=\"https:\/\/www.hebaiele.com\/fr\/wp-json\/wp\/v2\/pages\/82\/page\/4\/\">4<\/a>\n<a class=\"page-numbers\" href=\"https:\/\/www.hebaiele.com\/fr\/wp-json\/wp\/v2\/pages\/82\/page\/5\/\">5<\/a>\n<a class=\"next page-numbers\" href=\"https:\/\/www.hebaiele.com\/fr\/wp-json\/wp\/v2\/pages\/82\/page\/2\/\">><\/a>\t\t\t<\/nav>\n\t\t\t\t\t\t\t<\/div>\n\t\t\t\t\t\t\t\t\t<\/div>\n\n\t\t\n\t\t\t\t<\/div>\n\t\t\t\t<\/div>\n\t\t\t\t\t<\/div>\n\t\t<\/div>\n\t\t\t\t\t<\/div>\n\t\t<\/section>\n\t\t\t\t<\/div>","protected":false},"excerpt":{"rendered":"<p>Lorem ipsum dolor sit amet08 Lorem ipsum dolor sit amet06 Lorem ipsum dolor sit amet07 Lorem ipsum dolor sit amet04 Lorem ipsum dolor sit amet05 Lorem ipsum dolor sit amet02 Lorem ipsum dolor sit amet03 Lorem ipsum dolor sit amet10 Lorem ipsum dolor sit amet09 1 2 &gt;<\/p>","protected":false},"author":2,"featured_media":0,"parent":0,"menu_order":27,"comment_status":"closed","ping_status":"closed","template":"","meta":{"_acf_changed":false,"_seopress_robots_primary_cat":"","_seopress_titles_title":"Blogs \u2013 HeBai","_seopress_titles_desc":"We provide educational and informative articles on automated machinery through our blog page. Read the latest content by visiting our website today!","_seopress_robots_index":"","footnotes":""},"class_list":["post-82","page","type-page","status-publish","hentry"],"acf":[],"_links":{"self":[{"href":"https:\/\/www.hebaiele.com\/fr\/wp-json\/wp\/v2\/pages\/82","targetHints":{"allow":["GET"]}}],"collection":[{"href":"https:\/\/www.hebaiele.com\/fr\/wp-json\/wp\/v2\/pages"}],"about":[{"href":"https:\/\/www.hebaiele.com\/fr\/wp-json\/wp\/v2\/types\/page"}],"author":[{"embeddable":true,"href":"https:\/\/www.hebaiele.com\/fr\/wp-json\/wp\/v2\/users\/2"}],"replies":[{"embeddable":true,"href":"https:\/\/www.hebaiele.com\/fr\/wp-json\/wp\/v2\/comments?post=82"}],"version-history":[{"count":20,"href":"https:\/\/www.hebaiele.com\/fr\/wp-json\/wp\/v2\/pages\/82\/revisions"}],"predecessor-version":[{"id":11516,"href":"https:\/\/www.hebaiele.com\/fr\/wp-json\/wp\/v2\/pages\/82\/revisions\/11516"}],"wp:attachment":[{"href":"https:\/\/www.hebaiele.com\/fr\/wp-json\/wp\/v2\/media?parent=82"}],"curies":[{"name":"wp","href":"https:\/\/api.w.org\/{rel}","templated":true}]}}